{"id":2,"date":"2016-05-10T03:48:21","date_gmt":"2016-05-10T03:48:21","guid":{"rendered":"http:\/\/neu.carsten-leygraf.de\/?page_id=2"},"modified":"2020-03-19T18:17:36","modified_gmt":"2020-03-19T18:17:36","slug":"sample-page","status":"publish","type":"page","link":"https:\/\/www.schreinerei-leygraf.de\/?page_id=2","title":{"rendered":"\u00dcber den Betrieb"},"content":{"rendered":"\n<p>Seit \u00fcber 100 Jahren arbeiten wir im Namen unserer Kunden mit dem \u00e4ltesten nachwachsenden Rohstoff der Welt \u2013 dem Holz. Seit 4 Generationen blicken wir auf ein traditionsreiches Tischlerei Handwerk zur\u00fcck und freuen uns dieses auch in Zukunft f\u00fcr Sie weiterzuf\u00fchren. Unsere aufgeschlossene positive Haltung gegen\u00fcber den Kundenw\u00fcnschen und der respektvolle Umgang mit dem Rohstoff Holz spiegelt sich in unseren Arbeiten wieder. Die Realisierung Ihrer Ideen und die Schaffung von etwas Einzigartigem spornt uns an und erf\u00fcllt uns mit Freude. Dem m\u00f6glichst naturbelassenen Umgang mit dem lebendigen Werkstoff Holz haben wir uns verschrieben. Wir verwenden deshalb ausschlie\u00dflich hochwertige Massivh\u00f6lzer und Holzwerkstoffe sowie auch kunststoffbeschichtete Platten f\u00fcr den Bereich M\u00f6belbau. Neben dem M\u00f6belbau umfasst unser Portfolio auch den Treppenbau, Innenausbau, Objekteinrichtungen sowie Bau- und Montageleistungen.<\/p>\n\n\n\n<figure class=\"wp-block-image size-large is-resized is-style-default\"><img loading=\"lazy\" decoding=\"async\" src=\"http:\/\/neu.carsten-leygraf.de\/wp-content\/uploads\/2020\/03\/CIMG0462-1-1024x768.jpg\" alt=\"Treppenbau im Meisterbetrieb\" class=\"wp-image-15\" width=\"768\" height=\"576\" srcset=\"https:\/\/www.schreinerei-leygraf.de\/wp-content\/uploads\/2020\/03\/CIMG0462-1-1024x768.jpg 1024w, https:\/\/www.schreinerei-leygraf.de\/wp-content\/uploads\/2020\/03\/CIMG0462-1-300x225.jpg 300w, https:\/\/www.schreinerei-leygraf.de\/wp-content\/uploads\/2020\/03\/CIMG0462-1-768x576.jpg 768w, https:\/\/www.schreinerei-leygraf.de\/wp-content\/uploads\/2020\/03\/CIMG0462-1-1536x1152.jpg 1536w, https:\/\/www.schreinerei-leygraf.de\/wp-content\/uploads\/2020\/03\/CIMG0462-1-2048x1536.jpg 2048w, https:\/\/www.schreinerei-leygraf.de\/wp-content\/uploads\/2020\/03\/CIMG0462-1-1568x1176.jpg 1568w\" sizes=\"(max-width: 706px) 89vw, (max-width: 767px) 82vw, 740px\" \/><figcaption>Im Bild zu sehen Josef Leygraf, Tischlermeister seit 1969 (3.Generation)<\/figcaption><\/figure>\n\n\n\n<p>Der Tischlermeister der 4. Generation<br>Name&nbsp; Carsten Leygraf<br>Meister seit&nbsp; 1997<\/p>\n","protected":false},"excerpt":{"rendered":"<p>Seit \u00fcber 100 Jahren arbeiten wir im Namen unserer Kunden mit dem \u00e4ltesten nachwachsenden Rohstoff der Welt \u2013 dem Holz. Seit 4 Generationen blicken wir auf ein traditionsreiches Tischlerei Handwerk zur\u00fcck und freuen uns dieses auch in Zukunft f\u00fcr Sie weiterzuf\u00fchren. Unsere aufgeschlossene positive Haltung gegen\u00fcber den Kundenw\u00fcnschen und der respektvolle Umgang mit dem Rohstoff &hellip; <\/p>\n<p class=\"link-more\"><a href=\"https:\/\/www.schreinerei-leygraf.de\/?page_id=2\" class=\"more-link\"><span class=\"screen-reader-text\">\u201e\u00dcber den Betrieb\u201c<\/span> weiterlesen<\/a><\/p>\n","protected":false},"author":1,"featured_media":37,"parent":0,"menu_order":0,"comment_status":"closed","ping_status":"open","template":"","meta":{"footnotes":""},"_links":{"self":[{"href":"https:\/\/www.schreinerei-leygraf.de\/index.php?rest_route=\/wp\/v2\/pages\/2"}],"collection":[{"href":"https:\/\/www.schreinerei-leygraf.de\/index.php?rest_route=\/wp\/v2\/pages"}],"about":[{"href":"https:\/\/www.schreinerei-leygraf.de\/index.php?rest_route=\/wp\/v2\/types\/page"}],"author":[{"embeddable":true,"href":"https:\/\/www.schreinerei-leygraf.de\/index.php?rest_route=\/wp\/v2\/users\/1"}],"replies":[{"embeddable":true,"href":"https:\/\/www.schreinerei-leygraf.de\/index.php?rest_route=%2Fwp%2Fv2%2Fcomments&post=2"}],"version-history":[{"count":2,"href":"https:\/\/www.schreinerei-leygraf.de\/index.php?rest_route=\/wp\/v2\/pages\/2\/revisions"}],"predecessor-version":[{"id":36,"href":"https:\/\/www.schreinerei-leygraf.de\/index.php?rest_route=\/wp\/v2\/pages\/2\/revisions\/36"}],"wp:featuredmedia":[{"embeddable":true,"href":"https:\/\/www.schreinerei-leygraf.de\/index.php?rest_route=\/wp\/v2\/media\/37"}],"wp:attachment":[{"href":"https:\/\/www.schreinerei-leygraf.de\/index.php?rest_route=%2Fwp%2Fv2%2Fmedia&parent=2"}],"curies":[{"name":"wp","href":"https:\/\/api.w.org\/{rel}","templated":true}]}}